{"id":1435,"date":"2020-08-24T12:30:38","date_gmt":"2020-08-24T10:30:38","guid":{"rendered":"https:\/\/snudifo47.net\/new\/?page_id=1435"},"modified":"2026-02-27T14:19:36","modified_gmt":"2026-02-27T13:19:36","slug":"se-syndiquer","status":"publish","type":"page","link":"https:\/\/snudifo47.net\/new\/se-syndiquer\/","title":{"rendered":"SE SYNDIQUER"},"content":{"rendered":"\t\t<div data-elementor-type=\"wp-page\" data-elementor-id=\"1435\" class=\"elementor elementor-1435\">\n\t\t\t\t\t\t<section class=\"elementor-section elementor-top-section elementor-element elementor-element-28cbafe5 elementor-section-boxed elementor-section-height-default elementor-section-height-default\" data-id=\"28cbafe5\" data-element_type=\"section\">\n\t\t\t\t\t\t<div class=\"elementor-container elementor-column-gap-default\">\n\t\t\t\t\t<div class=\"elementor-column elementor-col-100 elementor-top-column elementor-element elementor-element-1ffe3f39\" data-id=\"1ffe3f39\" data-element_type=\"column\">\n\t\t\t<div class=\"elementor-widget-wrap elementor-element-populated\">\n\t\t\t\t\t\t<div class=\"elementor-element elementor-element-469d7095 e-transform elementor-invisible elementor-widget elementor-widget-text-editor\" data-id=\"469d7095\" data-element_type=\"widget\" data-settings=\"{&quot;_animation&quot;:&quot;fadeInDown&quot;,&quot;_transform_skewX_effect&quot;:{&quot;unit&quot;:&quot;px&quot;,&quot;size&quot;:&quot;&quot;,&quot;sizes&quot;:[]},&quot;_transform_skewX_effect_tablet&quot;:{&quot;unit&quot;:&quot;deg&quot;,&quot;size&quot;:&quot;&quot;,&quot;sizes&quot;:[]},&quot;_transform_skewX_effect_mobile&quot;:{&quot;unit&quot;:&quot;deg&quot;,&quot;size&quot;:&quot;&quot;,&quot;sizes&quot;:[]},&quot;_transform_skewY_effect&quot;:{&quot;unit&quot;:&quot;px&quot;,&quot;size&quot;:&quot;&quot;,&quot;sizes&quot;:[]},&quot;_transform_skewY_effect_tablet&quot;:{&quot;unit&quot;:&quot;deg&quot;,&quot;size&quot;:&quot;&quot;,&quot;sizes&quot;:[]},&quot;_transform_skewY_effect_mobile&quot;:{&quot;unit&quot;:&quot;deg&quot;,&quot;size&quot;:&quot;&quot;,&quot;sizes&quot;:[]}}\" data-widget_type=\"text-editor.default\">\n\t\t\t\t<div class=\"elementor-widget-container\">\n\t\t\t\t\t\t\t\t\t<p class=\"has-text-align-center has-black-color has-text-color\"><strong><a href=\"https:\/\/snudifo47.net\/new\/wp-content\/uploads\/2026\/02\/Bulletin-dadhesion-2026-corrige.pdf\">FO a besoin de vous,<br \/>Vous avez besoin de FO !<br \/>En un clic, adh\u00e9rez\u00a0!<\/a><\/strong><\/p>\n<p><strong>La force du syndicat<\/strong><br \/>\u2022 C\u2019est son nombre de syndiqu\u00e9s : Parce que sa repr\u00e9sentativit\u00e9 (c\u2019est-\u00e0-dire son poids aupr\u00e8s des autorit\u00e9s) en d\u00e9pend, parce que pour agir, il faut des moyens financiers. Les ressources du <mark class=\"has-inline-color has-vivid-red-color\"><strong>SNUDI-FO 47<\/strong> <\/mark>ne proviennent que des cotisations des adh\u00e9rents, ce qui garantit l\u2019ind\u00e9pendance financi\u00e8re de l\u2019organisation !<\/p>\n<p>\u2022 C\u2019est son ind\u00e9pendance : Pour d\u00e9fendre les revendications face \u00e0 l\u2019Etat, notre employeur, le syndicat ne saurait \u00eatre li\u00e9 ni soutenir, un gouvernement ou un parti politique, quel qu\u2019il soit !<\/p>\n<p><strong>Se syndiquer donne des droits<\/strong><br \/>\u2022 Etre inform\u00e9(e) et d\u00e9fendu(e) en priorit\u00e9 en cas de besoin<br \/>\u2022 Le contr\u00f4le par les \u00e9lus du personnel du syndicat de votre d\u00e9roulement de carri\u00e8re<br \/>\u2022 Participer \u00e0 la d\u00e9finition des orientations du syndicat et aux prises de d\u00e9cisions (congr\u00e8s d\u00e9partemental, Conseil Syndical\u2026)<br \/>\u2022 B\u00e9n\u00e9ficier de la Protection juridique \u00ab vie professionnelle \u00bb<br \/>L\u2019adh\u00e9sion vaut pour 1 an \u00e0 compter de la r\u00e9ception du formulaire<br \/>\u2022 La syndicalisation s\u2019effectue tout au long de l\u2019ann\u00e9e<br \/><strong>66 % de la cotisation est d\u00e9ductible de votre imp\u00f4t<\/strong><br \/>\u2022 La tr\u00e9sori\u00e8re du syndicat vous adressera un re\u00e7u fiscal pour votre cotisation 2026 qui vous permettra de b\u00e9n\u00e9ficier du remboursement (ou d\u2019un cr\u00e9dit d\u2019imp\u00f4t) de 66% du montant total de votre cotisation pour la d\u00e9claration 2027 sur les revenus 2026.<\/p>\n<p><a href=\"https:\/\/snudifo47.net\/new\/wp-content\/uploads\/2026\/02\/Bulletin-dadhesion-2026-corrige.pdf\">\u00a0\u00a0\u00a0 \u00a0 \u00a0 \u00a0 \u00a0 \u00a0 \u00a0 \u00a0 \u00a0 \u00a0 \u00a0 \u00a0 \u00a0 \u00a0 \u00a0 \u00a0 \u00a0 \u00a0 \u00a0 \u00a0 \u00a0 \u00a0 \u00a0 \u00a0 \u00a0 \u00a0 \u00a0 \u00a0 \u00a0 \u00a0 \u00a0 \u00a0 \u00a0 \u00a0 \u00a0 \u00a0 \u00a0 \u00a0 \u00a0 \u00a0 T\u00e9l\u00e9charger le bulletin d&rsquo;adh\u00e9sion<\/a><\/p>\n<p><!-- \/wp:paragraph --><!-- wp:paragraph {\"align\":\"center\",\"textColor\":\"black\"} --><\/p>\n<p class=\"has-text-align-center has-black-color has-text-color\"><a href=\"https:\/\/snudifo47.net\/new\/wp-content\/uploads\/2026\/02\/Bulletin-dadhesion-2026-corrige.pdf\" target=\"_blank\" rel=\"noreferrer noopener\"><img decoding=\"async\" class=\"alignnone wp-image-1556\" style=\"width: 150px\" src=\"https:\/\/snudifo47.net\/new\/wp-content\/uploads\/2021\/02\/CotiseFO.png\" alt=\"\" width=\"190\" height=\"228\" \/><\/a><\/p>\n<p><!-- \/wp:paragraph --><!-- wp:paragraph --><\/p>\n<p><!-- \/wp:paragraph --><!-- wp:paragraph {\"align\":\"center\",\"textColor\":\"black\"} --><\/p>\n<p class=\"has-text-align-center has-black-color has-text-color\"><a href=\"https:\/\/snudifo47.net\/new\/wp-content\/uploads\/2021\/03\/Tract-temoignages-adhesion-1.pdf\">Ces coll\u00e8gues ont adh\u00e9r\u00e9, ils et elles disent pourquoi.<\/a><\/p>\n<p><!-- \/wp:paragraph --><!-- wp:paragraph --><\/p>\n<p><!-- \/wp:paragraph --><\/p>\n<div>\u00a0<\/div>\n<div>\u00a0<\/div>\n<div>\u00a0<\/div>\n<div>\u00a0<\/div>\t\t\t\t\t\t\t\t<\/div>\n\t\t\t\t<\/div>\n\t\t\t\t\t<\/div>\n\t\t<\/div>\n\t\t\t\t\t<\/div>\n\t\t<\/section>\n\t\t\t\t<\/div>\n\t\t","protected":false},"excerpt":{"rendered":"<p>FO a besoin de vous,Vous avez besoin de FO !En un clic, adh\u00e9rez\u00a0! La force du syndicat\u2022 C\u2019est son nombre de syndiqu\u00e9s : Parce que sa repr\u00e9sentativit\u00e9 (c\u2019est-\u00e0-dire son poids aupr\u00e8s des autorit\u00e9s) en d\u00e9pend, parce que pour agir, il faut des moyens financiers. Les ressources du SNUDI-FO 47 ne proviennent que des cotisations des [&hellip;]<\/p>\n","protected":false},"author":1,"featured_media":0,"parent":0,"menu_order":0,"comment_status":"closed","ping_status":"closed","template":"","meta":{"footnotes":""},"class_list":["post-1435","page","type-page","status-publish","hentry"],"_links":{"self":[{"href":"https:\/\/snudifo47.net\/new\/wp-json\/wp\/v2\/pages\/1435","targetHints":{"allow":["GET"]}}],"collection":[{"href":"https:\/\/snudifo47.net\/new\/wp-json\/wp\/v2\/pages"}],"about":[{"href":"https:\/\/snudifo47.net\/new\/wp-json\/wp\/v2\/types\/page"}],"author":[{"embeddable":true,"href":"https:\/\/snudifo47.net\/new\/wp-json\/wp\/v2\/users\/1"}],"replies":[{"embeddable":true,"href":"https:\/\/snudifo47.net\/new\/wp-json\/wp\/v2\/comments?post=1435"}],"version-history":[{"count":75,"href":"https:\/\/snudifo47.net\/new\/wp-json\/wp\/v2\/pages\/1435\/revisions"}],"predecessor-version":[{"id":5365,"href":"https:\/\/snudifo47.net\/new\/wp-json\/wp\/v2\/pages\/1435\/revisions\/5365"}],"wp:attachment":[{"href":"https:\/\/snudifo47.net\/new\/wp-json\/wp\/v2\/media?parent=1435"}],"curies":[{"name":"wp","href":"https:\/\/api.w.org\/{rel}","templated":true}]}}