{"id":1422,"date":"2020-08-24T12:19:14","date_gmt":"2020-08-24T10:19:14","guid":{"rendered":"https:\/\/snudifo47.net\/new\/?page_id=1422"},"modified":"2021-02-25T14:53:18","modified_gmt":"2021-02-25T13:53:18","slug":"liens-utiles","status":"publish","type":"page","link":"https:\/\/snudifo47.net\/new\/liens-utiles\/","title":{"rendered":"LIENS UTILES"},"content":{"rendered":"\n<p><a href=\"https:\/\/fo-snudi.fr\/\">SNUDI FO national<\/a><\/p>\n\n\n\n<p><a href=\"http:\/\/www.fo-snfolc.fr\/\">SN-FO-LC: Syndicat National Force Ouvri\u00e8re Lyc\u00e9es Coll\u00e8ges<\/a><\/p>\n\n\n\n<p><a href=\"https:\/\/www.fo-fnecfp.fr\/\"> FNEC FP-FO<\/a>: F\u00e9d\u00e9ration Nationale de l\u2019Enseignement de la Culture et de la Formation Professionnelle Force Ouvri\u00e8re.<\/p>\n\n\n\n<p><a href=\"https:\/\/www.force-ouvriere.fr\/\"> CGT Force Ouvri\u00e8re<\/a><\/p>\n\n\n\n<p><\/p>\n","protected":false},"excerpt":{"rendered":"<p>SNUDI FO national SN-FO-LC: Syndicat National Force Ouvri\u00e8re Lyc\u00e9es Coll\u00e8ges FNEC FP-FO: F\u00e9d\u00e9ration Nationale de l\u2019Enseignement de la Culture et de la Formation Professionnelle Force Ouvri\u00e8re. CGT Force Ouvri\u00e8re<\/p>\n","protected":false},"author":1,"featured_media":0,"parent":0,"menu_order":0,"comment_status":"closed","ping_status":"closed","template":"","meta":{"footnotes":""},"class_list":["post-1422","page","type-page","status-publish","hentry"],"_links":{"self":[{"href":"https:\/\/snudifo47.net\/new\/wp-json\/wp\/v2\/pages\/1422","targetHints":{"allow":["GET"]}}],"collection":[{"href":"https:\/\/snudifo47.net\/new\/wp-json\/wp\/v2\/pages"}],"about":[{"href":"https:\/\/snudifo47.net\/new\/wp-json\/wp\/v2\/types\/page"}],"author":[{"embeddable":true,"href":"https:\/\/snudifo47.net\/new\/wp-json\/wp\/v2\/users\/1"}],"replies":[{"embeddable":true,"href":"https:\/\/snudifo47.net\/new\/wp-json\/wp\/v2\/comments?post=1422"}],"version-history":[{"count":4,"href":"https:\/\/snudifo47.net\/new\/wp-json\/wp\/v2\/pages\/1422\/revisions"}],"predecessor-version":[{"id":1594,"href":"https:\/\/snudifo47.net\/new\/wp-json\/wp\/v2\/pages\/1422\/revisions\/1594"}],"wp:attachment":[{"href":"https:\/\/snudifo47.net\/new\/wp-json\/wp\/v2\/media?parent=1422"}],"curies":[{"name":"wp","href":"https:\/\/api.w.org\/{rel}","templated":true}]}}