{"id":1419,"date":"2020-08-24T12:19:14","date_gmt":"2020-08-24T10:19:14","guid":{"rendered":"https:\/\/snudifo47.net\/new\/?page_id=1419"},"modified":"2026-02-27T14:24:45","modified_gmt":"2026-02-27T13:24:45","slug":"nous-contacter","status":"publish","type":"page","link":"https:\/\/snudifo47.net\/new\/nous-contacter\/","title":{"rendered":"Nous contacter"},"content":{"rendered":"\t\t<div data-elementor-type=\"wp-page\" data-elementor-id=\"1419\" class=\"elementor elementor-1419\">\n\t\t\t\t\t\t<section class=\"elementor-section elementor-top-section elementor-element elementor-element-131e4e27 elementor-section-boxed elementor-section-height-default elementor-section-height-default\" data-id=\"131e4e27\" data-element_type=\"section\">\n\t\t\t\t\t\t<div class=\"elementor-container elementor-column-gap-default\">\n\t\t\t\t\t<div class=\"elementor-column elementor-col-100 elementor-top-column elementor-element elementor-element-5b09ed83\" data-id=\"5b09ed83\" data-element_type=\"column\">\n\t\t\t<div class=\"elementor-widget-wrap elementor-element-populated\">\n\t\t\t\t\t\t<div class=\"elementor-element elementor-element-3b4f5305 elementor-widget elementor-widget-text-editor\" data-id=\"3b4f5305\" data-element_type=\"widget\" data-widget_type=\"text-editor.default\">\n\t\t\t\t<div class=\"elementor-widget-container\">\n\t\t\t\t\t\t\t\t\t<p>SNUDI FO Lot et Garonne<\/p>\n<p>Union D\u00e9partementale Force Ouvri\u00e8re<\/p>\n<p>9-11 rue des fr\u00e8res Magen<\/p>\n<p>BP 60232<\/p>\n<p>47006 AGEN CEDEX 6<\/p>\n<p><!-- \/wp:paragraph --><\/p>\n<p><!-- wp:paragraph --><\/p>\n<p>T\u00e9l\u00e9phone : <strong>05 53 47 24 72<\/strong><\/p>\n<p>Portable <strong>: 07 83 26 12 47<\/strong><\/p>\n<p>Mail :<strong> snudifo47@gmail.com<\/strong><\/p>\n<p><strong><a href=\"https:\/\/www.facebook.com\/profile.php?id=100093061030641\">Notre page Facebook<\/a><\/strong><\/p>\n<p><\/p>\n<p><!-- \/wp:paragraph --><\/p>\n<p><!-- wp:paragraph --><\/p>\n<p>Les locaux de l\u2019Union D\u00e9partementale Force Ouvri\u00e8re sont situ\u00e9s au 4\u00e8me \u00e9tage de la nouvelle Bourse du Travail.<br>Le b\u00e2timent est situ\u00e9 derri\u00e8re une petite place triangulaire, sur le boulevard Scaliger, entre la gare SNCF et la route de Bordeaux (en face de l\u2019\u00e9cole publique Simone Veil, anciennement Scaliger).<\/p>\n<p>Permanences du bureau :<\/p>\n<p>Mardi : Christelle Calvat, C\u00e9line Colle, V\u00e9ronique Crassat, Eric Lafond,&nbsp;<span style=\"font-family: Roboto, sans-serif;font-size: 16px;font-style: normal;font-weight: 400\">Eug\u00e9nie&nbsp;<\/span><span style=\"font-size: 16px;font-style: normal;font-weight: 400;font-family: Merriweather, Georgia, serif\">Wojciechowski<\/span><\/p>\n<p><span style=\"font-size: 16px;font-style: normal;font-family: Merriweather, Georgia, serif\">Jeudi :&nbsp;<\/span><span style=\"font-family: Roboto, sans-serif;font-size: 16px;font-style: normal;font-weight: 400\">Christelle Calvat, C\u00e9line Colle<\/span><span style=\"font-family: Roboto, sans-serif;font-size: 16px;font-style: normal;font-weight: 400\">, Eric Lafond<\/span><span style=\"font-family: Roboto, sans-serif;font-size: 16px;font-style: normal;font-weight: 400\">, C\u00e9cile Raffin<\/span><\/p>\n<p><span style=\"font-size: 16px;font-style: normal;font-family: Merriweather, Georgia, serif\">Vendredi :&nbsp;<\/span><span style=\"font-family: Roboto, sans-serif;font-size: 16px;font-style: normal;font-weight: 400\">Christelle Calvat, C\u00e9line Colle<\/span><span style=\"font-family: Roboto, sans-serif;font-size: 16px;font-style: normal;font-weight: 400\">, Eric Lafond<\/span><\/p>\n<p><span style=\"font-size: 16px;font-style: normal;font-family: Merriweather, Georgia, serif\">&nbsp;<\/span><\/p>\n<p><!-- \/wp:paragraph --><\/p>\n<p><!-- wp:image {\"id\":1459,\"width\":545,\"height\":381,\"sizeSlug\":\"large\",\"linkDestination\":\"none\"} --><\/p>\n<figure><img fetchpriority=\"high\" decoding=\"async\" src=\"https:\/\/snudifo47.net\/new\/wp-content\/uploads\/2008\/10\/PlanUdFo_Zoom-d0269.png\" alt=\"\" width=\"545\" height=\"381\"><\/figure>\n<p><!-- \/wp:image --><\/p>\n<p><!-- wp:paragraph --><\/p>\n<p><!-- \/wp:paragraph --><\/p>\n<p><!-- wp:paragraph --><\/p>\n<p><!-- \/wp:paragraph --><\/p>\t\t\t\t\t\t\t\t<\/div>\n\t\t\t\t<\/div>\n\t\t\t\t\t<\/div>\n\t\t<\/div>\n\t\t\t\t\t<\/div>\n\t\t<\/section>\n\t\t\t\t<\/div>\n\t\t","protected":false},"excerpt":{"rendered":"<p>SNUDI FO Lot et Garonne Union D\u00e9partementale Force Ouvri\u00e8re 9-11 rue des fr\u00e8res Magen BP 60232 47006 AGEN CEDEX 6 T\u00e9l\u00e9phone : 05 53 47 24 72 Portable : 07 83 26 12 47 Mail : snudifo47@gmail.com Notre page Facebook Les locaux de l\u2019Union D\u00e9partementale Force Ouvri\u00e8re sont situ\u00e9s au 4\u00e8me \u00e9tage de la nouvelle [&hellip;]<\/p>\n","protected":false},"author":1,"featured_media":1458,"parent":0,"menu_order":0,"comment_status":"closed","ping_status":"closed","template":"","meta":{"footnotes":""},"class_list":["post-1419","page","type-page","status-publish","has-post-thumbnail","hentry"],"_links":{"self":[{"href":"https:\/\/snudifo47.net\/new\/wp-json\/wp\/v2\/pages\/1419","targetHints":{"allow":["GET"]}}],"collection":[{"href":"https:\/\/snudifo47.net\/new\/wp-json\/wp\/v2\/pages"}],"about":[{"href":"https:\/\/snudifo47.net\/new\/wp-json\/wp\/v2\/types\/page"}],"author":[{"embeddable":true,"href":"https:\/\/snudifo47.net\/new\/wp-json\/wp\/v2\/users\/1"}],"replies":[{"embeddable":true,"href":"https:\/\/snudifo47.net\/new\/wp-json\/wp\/v2\/comments?post=1419"}],"version-history":[{"count":25,"href":"https:\/\/snudifo47.net\/new\/wp-json\/wp\/v2\/pages\/1419\/revisions"}],"predecessor-version":[{"id":5368,"href":"https:\/\/snudifo47.net\/new\/wp-json\/wp\/v2\/pages\/1419\/revisions\/5368"}],"wp:featuredmedia":[{"embeddable":true,"href":"https:\/\/snudifo47.net\/new\/wp-json\/wp\/v2\/media\/1458"}],"wp:attachment":[{"href":"https:\/\/snudifo47.net\/new\/wp-json\/wp\/v2\/media?parent=1419"}],"curies":[{"name":"wp","href":"https:\/\/api.w.org\/{rel}","templated":true}]}}